{"id":86,"date":"2019-12-13T10:08:01","date_gmt":"2019-12-13T09:08:01","guid":{"rendered":"http:\/\/myin.pro\/index.php\/page-daccueil-4\/"},"modified":"2024-02-26T17:23:55","modified_gmt":"2024-02-26T16:23:55","slug":"page-daccueil-4","status":"publish","type":"page","link":"https:\/\/myin.pro\/","title":{"rendered":"Page d&rsquo;Accueil"},"content":{"rendered":"<p><a href=\"#scroll-down\"><\/p>\n<p><\/a><\/p>\n<p>Groupe Myin<\/p>\n<p>GESTION DE MARQUES<\/p>\n<p><a href=\"#a-propos\">\u00c0 propos<\/a><a href=\"#projet\">Nos Projets<\/a><\/p>\n<p>\u00c0 propos<\/p>\n<p>Sp\u00e9cialis\u00e9 dans la gestion de soci\u00e9t\u00e9 franco-marocaine<\/p>\n<p>Le fondateur du groupe Myin, Mr Vasic arriv\u00e9 en 2008 au Maroc, apr\u00e8s 20 ann\u00e9es de sublimation textile en France. il \u00e0 su devenir num\u00e9ro 1 de la sublimation \u00e0 petite \u00e9chelle sur le maghreb. Au fil des ans et avec les rencontres faites, la diversit\u00e9 du groupe \u00e9tait une \u00e9vidence. La gestion de production et livraison \u00e0 flexibilit\u00e9 variable fait du groupe un leader du secteur sur le Maroc.<\/p>\n<p>G\u00c9RANCE MULTILANGUE<\/p>\n<p>Fran\u00e7ais \/ Anglais \/ Arabe<\/p>\n<p>NORME ET QUALIT\u00c9 EUROP\u00c9ENNE<\/p>\n<p>Application des meilleurs accord entre le maroc et la france<\/p>\n<p>ACCOMPAGNEMENT PERSONNALIS\u00c9<\/p>\n<p>De la logistique \u00e0 la refonte de la structure actuel<\/p>\n<p>LES MARQUES<\/p>\n<p>En passant du textile de mode, au SportWear, ainsi qu&rsquo;\u00e0 la domotique pour finir sur du d\u00e9veloppement logiciel de production, le groupe MYIN compte plus de marques en g\u00e9rance unique<\/p>\n<p><img src=\"http:\/\/myin.pro\/wp-content\/uploads\/2020\/01\/Logo_subli_3-1-1.png\" \/>SUBLIWEAR<\/p>\n<p>Cr\u00e9ateur et fabricant de v\u00eatement Fort d\u2019une exp\u00e9rience , SUBLIWEAR vous propose une large palette de services dans la conception de vos collections, la fabrication de vos v\u00eatements, jusqu&rsquo;au livraison de vos clients finaux. Un savoir-faire reconnu en Europe, par de grandes marques. La cr\u00e9ativit\u00e9, notre force l&rsquo;exp\u00e9rience, notre atout.<\/p>\n<p><img src=\"http:\/\/myin.pro\/wp-content\/uploads\/2020\/01\/Logo-spaxe.png\" \/>SPAXE<\/p>\n<p>Chez SPAXE, nous voulons \u00e9quiper les clubs amateurs et les associations sportives inspir\u00e9s. De ceux qui jouent pour le plaisir parce qu\u2019ils sont enthousiastes, perspicaces, fans et fairplay ! Nos clubs n\u2019ont pas forc\u00e9ment beaucoup de moyens, mais cela ne les emp\u00eachent pas d\u2019\u00eatre d\u00e9termin\u00e9s. Ils veulent des tenues \u00e0 leurs images et qui repr\u00e9sentent dignement leurs clubs!<\/p>\n<p><img src=\"http:\/\/myin.pro\/wp-content\/uploads\/2020\/01\/14705856_611846389023816_4953022527382821319_n.jpg\" \/>SMARTDAR<\/p>\n<p>La domotique \u00e0 port\u00e9 de tous pour un quotidien beaucoup plus simple dans votre maison et depuis n\u2019importe o\u00f9 que vous soyez.Le r\u00eave se joint \u00e0 la r\u00e9alit\u00e9 pour piloter sa maison \u00e0 distance<\/p>\n<p><img src=\"http:\/\/myin.pro\/wp-content\/uploads\/2020\/01\/LogoOptiClean.png\" \/>OPTICLEAN<\/p>\n<p>le meilleurs outil marketing pour les opticiens, l\u2019essuie lunette personnalis\u00e9 au nom de sa propre boutique<\/p>\n<p>Proc\u00e9dure<\/p>\n<p>Satisfaction Client<\/p>\n<p>Analyse, Prospective, Tendances, Stylisme, Confection, Dessins, Cr\u00e9ations, Marketing Op\u00e9rationnel : ces mots illustrent la diversit\u00e9 de notre m\u00e9tier et les comp\u00e9tences li\u00e9es \u00e0 chaque \u00e9tape de notre travail.<\/p>\n<p>Conception<\/p>\n<p>Un suivi de A \u00e0 Z<\/p>\n<p>R\u00e9alisations sur-mesure<\/p>\n<p>Contr\u00f4le Qualit\u00e9<\/p>\n<p>Contact<\/p>\n<p>Venez nous voir<\/p>\n<p>Tel: +212 6 54 77 58 36<\/p>\n<p>MYIN SARL ( USINE ) Avenue<\/p>\n<p>Mohamed Erradi, n\u00b0104 etg 3<\/p>\n<p>Z.I. Mly Rachid, 20230<\/p>\n<p>Casablanca, Maroc<\/p>\n<p><a href=\"mailto:damien@myin.pro\">damien@myin.pro<\/a><\/p>\n","protected":false},"excerpt":{"rendered":"<p class=\"excerpt\">Groupe Myin GESTION DE MARQUES \u00c0 proposNos Projets \u00c0 propos Sp\u00e9cialis\u00e9 dans la gestion de soci\u00e9t\u00e9 franco-marocaine Le fondateur du groupe Myin, Mr Vasic arriv\u00e9 en 2008 au Maroc, apr\u00e8s 20 ann\u00e9es de sublimation textile en France. il \u00e0 su devenir num\u00e9ro 1 de la sublimation \u00e0 petite \u00e9chelle sur le maghreb. Au fil des [&hellip;]<\/p>\n","protected":false},"author":2,"featured_media":0,"parent":0,"menu_order":0,"comment_status":"closed","ping_status":"closed","template":"builder.php","meta":[],"_links":{"self":[{"href":"https:\/\/myin.pro\/index.php\/wp-json\/wp\/v2\/pages\/86"}],"collection":[{"href":"https:\/\/myin.pro\/index.php\/wp-json\/wp\/v2\/pages"}],"about":[{"href":"https:\/\/myin.pro\/index.php\/wp-json\/wp\/v2\/types\/page"}],"author":[{"embeddable":true,"href":"https:\/\/myin.pro\/index.php\/wp-json\/wp\/v2\/users\/2"}],"replies":[{"embeddable":true,"href":"https:\/\/myin.pro\/index.php\/wp-json\/wp\/v2\/comments?post=86"}],"version-history":[{"count":42,"href":"https:\/\/myin.pro\/index.php\/wp-json\/wp\/v2\/pages\/86\/revisions"}],"predecessor-version":[{"id":199,"href":"https:\/\/myin.pro\/index.php\/wp-json\/wp\/v2\/pages\/86\/revisions\/199"}],"wp:attachment":[{"href":"https:\/\/myin.pro\/index.php\/wp-json\/wp\/v2\/media?parent=86"}],"curies":[{"name":"wp","href":"https:\/\/api.w.org\/{rel}","templated":true}]}}